{"id":120,"date":"2018-12-06T13:37:40","date_gmt":"2018-12-06T13:37:40","guid":{"rendered":"http:\/\/v2.belle-campagne.be\/?page_id=120"},"modified":"2025-06-06T10:22:34","modified_gmt":"2025-06-06T10:22:34","slug":"accueil","status":"publish","type":"page","link":"https:\/\/belle-campagne.be\/?page_id=120","title":{"rendered":"Accueil"},"content":{"rendered":"<p><img loading=\"lazy\" decoding=\"async\" class=\"wp-image-145 alignright\" src=\"http:\/\/v2.belle-campagne.be\/wp-content\/uploads\/2018\/12\/ImageAccueil-300x225.jpg\" alt=\"\" width=\"374\" height=\"280\" srcset=\"https:\/\/belle-campagne.be\/wp-content\/uploads\/2018\/12\/ImageAccueil-300x225.jpg 300w, https:\/\/belle-campagne.be\/wp-content\/uploads\/2018\/12\/ImageAccueil-768x576.jpg 768w, https:\/\/belle-campagne.be\/wp-content\/uploads\/2018\/12\/ImageAccueil-1024x768.jpg 1024w, https:\/\/belle-campagne.be\/wp-content\/uploads\/2018\/12\/ImageAccueil-400x300.jpg 400w, https:\/\/belle-campagne.be\/wp-content\/uploads\/2018\/12\/ImageAccueil-600x450.jpg 600w, https:\/\/belle-campagne.be\/wp-content\/uploads\/2018\/12\/ImageAccueil.jpg 1600w\" sizes=\"(max-width: 374px) 100vw, 374px\" \/>Bienvenue sur le site de\u00a0<strong>Belle Campagne<\/strong>.<\/p>\n<p>Nous serions tr\u00e8s heureux de vous accueillir dans notre vaste maison, lieu id\u00e9al de weekend ou de vacances en famille ou entre amis. Elle se compose de 14 pi\u00e8ces dont 5 chambres \u00e0 coucher, fournissant logement pour un maximum de 9 h\u00f4tes (enfants\/b\u00e9b\u00e9 inclus).<\/p>\n<p>En toute saison, la maison de vacances offre confort, convivialit\u00e9, quelles que soient les conditions climatiques. Cette belle maison ardennaise a \u00e9t\u00e9 enti\u00e8rement r\u00e9nov\u00e9e afin de garantir un s\u00e9jour agr\u00e9able et reposant \u00e0 nos h\u00f4tes.<\/p>\n<p>L\u2019\u00e9quipement est de grande qualit\u00e9 tant pour les adultes que pour les enfants : nombreux jeux d\u2019int\u00e9rieur et d\u2019ext\u00e9rieur. Votre animal de compagnie est \u00e9galement le bienvenu.<\/p>\n<p>Le petit village de Mormont domine une superbe vall\u00e9e \u00e0 quelques kilom\u00e8tres de Durbuy et de Barvaux sur Ourthe.<\/p>\n<p>Je vous invite \u00e0 parcourir ces quelques pages en images afin de profiter du cadre apaisant et naturel des Ardennes Belges.<\/p>\n<p>Patrick Stevens<\/p>\n<p>&nbsp;<\/p>\n","protected":false},"excerpt":{"rendered":"<p>Bienvenue sur le site de\u00a0Belle Campagne. Nous serions tr\u00e8s heureux de vous accueillir dans notre vaste maison, lieu id\u00e9al de weekend ou de vacances en famille ou entre amis. Elle se compose de 14 pi\u00e8ces dont 5 chambres \u00e0 coucher,&#8230;<\/p>\n","protected":false},"author":1,"featured_media":0,"parent":0,"menu_order":0,"comment_status":"closed","ping_status":"open","template":"","meta":{"om_disable_all_campaigns":false,"_monsterinsights_skip_tracking":false,"_monsterinsights_sitenote_active":false,"_monsterinsights_sitenote_note":"","_monsterinsights_sitenote_category":0,"_uf_show_specific_survey":0,"_uf_disable_surveys":false,"footnotes":""},"language":[6],"aioseo_notices":[],"_links":{"self":[{"href":"https:\/\/belle-campagne.be\/index.php?rest_route=\/wp\/v2\/pages\/120"}],"collection":[{"href":"https:\/\/belle-campagne.be\/index.php?rest_route=\/wp\/v2\/pages"}],"about":[{"href":"https:\/\/belle-campagne.be\/index.php?rest_route=\/wp\/v2\/types\/page"}],"author":[{"embeddable":true,"href":"https:\/\/belle-campagne.be\/index.php?rest_route=\/wp\/v2\/users\/1"}],"replies":[{"embeddable":true,"href":"https:\/\/belle-campagne.be\/index.php?rest_route=%2Fwp%2Fv2%2Fcomments&post=120"}],"version-history":[{"count":4,"href":"https:\/\/belle-campagne.be\/index.php?rest_route=\/wp\/v2\/pages\/120\/revisions"}],"predecessor-version":[{"id":540,"href":"https:\/\/belle-campagne.be\/index.php?rest_route=\/wp\/v2\/pages\/120\/revisions\/540"}],"wp:attachment":[{"href":"https:\/\/belle-campagne.be\/index.php?rest_route=%2Fwp%2Fv2%2Fmedia&parent=120"}],"wp:term":[{"taxonomy":"language","embeddable":true,"href":"https:\/\/belle-campagne.be\/index.php?rest_route=%2Fwp%2Fv2%2Flanguage&post=120"}],"curies":[{"name":"wp","href":"https:\/\/api.w.org\/{rel}","templated":true}]}}